{"id":4994,"date":"2022-05-25T15:41:48","date_gmt":"2022-05-25T13:41:48","guid":{"rendered":"https:\/\/foodberlin.de\/?page_id=4994"},"modified":"2023-04-13T19:17:21","modified_gmt":"2023-04-13T17:17:21","slug":"kontakt","status":"publish","type":"page","link":"https:\/\/foodberlin.de\/en\/kontakt\/","title":{"rendered":"Contact"},"content":{"rendered":"<section class=\"l-section wpb_row height_medium\"><div class=\"l-section-h i-cf\"><div class=\"g-cols vc_row via_grid cols_1 laptops-cols_inherit tablets-cols_inherit mobiles-cols_1 valign_top type_default stacking_default\"><div class=\"wpb_column vc_column_container\"><div class=\"vc_column-inner\"><div class=\"wpb_text_column us_custom_74e066d2 has_text_color\"><div class=\"wpb_wrapper\"><h3 style=\"text-align: center;\"><strong>Please send inquiries to kontakt@foodberlin.de<\/strong><\/h3>\n<\/div><\/div><div class=\"w-separator size_small\"><\/div><div class=\"g-cols wpb_row via_grid cols_3 laptops-cols_inherit tablets-cols_inherit mobiles-cols_1 valign_top type_default stacking_default\"><div class=\"wpb_column vc_column_container\"><div class=\"vc_column-inner\"><a class=\"w-flipbox animation_cardflip direction_w\" href=\"mailto:britta.kluge@fu-berlin.de\"><div class=\"w-flipbox-h easing_ease\" style=\"transition-duration:0.5s;\"><div class=\"w-flipbox-hh\"><div class=\"w-flipbox-front us_custom_a644eac6\" style=\"color:var(--color-content-link);background-image:url(https:\/\/foodberlin.de\/wp-content\/uploads\/2022\/08\/zntk_high_res-726x1024.jpg);\"><div class=\"w-flipbox-front-h\"><\/div><\/div><div class=\"w-flipbox-back us_custom_a644eac6\" style=\"display:none;color:var(--color-content-link);\"><div class=\"w-flipbox-back-h\"><h4 class=\"w-flipbox-back-title\">Speaker FoodBerlin<\/h4><div class=\"w-flipbox-back-desc\"><p>Secretariat: Britta Kluge<\/p>\n<\/div><\/div><\/div><\/div><\/div><\/a><div class=\"w-separator size_small\"><\/div><div class=\"wpb_text_column us_custom_d25ca305 has_text_color\"><div class=\"wpb_wrapper\"><h4 style=\"text-align: center;\">Prof. Dr. J\u00fcrgen Zentek<\/h4>\n<\/div><\/div><\/div><\/div><div class=\"wpb_column vc_column_container\"><div class=\"vc_column-inner\"><a class=\"w-flipbox animation_cardflip direction_w\" href=\"mailto:britta.kluge@fu-berlin.de\"><div class=\"w-flipbox-h easing_ease\" style=\"transition-duration:0.5s;\"><div class=\"w-flipbox-hh\"><div class=\"w-flipbox-front us_custom_a644eac6\" style=\"color:var(--color-alt-content-link);\"><div class=\"w-flipbox-front-h\"><h4 class=\"w-flipbox-front-title\">Secretariat<\/h4><\/div><\/div><div class=\"w-flipbox-back us_custom_a644eac6\" style=\"display:none;color:var(--color-content-link);\"><div class=\"w-flipbox-back-h\"><h4 class=\"w-flipbox-back-title\">Secretariat<\/h4><div class=\"w-flipbox-back-desc\"><p>Britta.Kluge@fu-berlin.de<\/p>\n<p>Tel: 030 838-52256<br \/>\nFax: 030 838-55938<\/p>\n<p>Institut f\u00fcr Tierern\u00e4hrung der FU<br \/>\nBerlin K\u00f6nigin-Luise-Str. 49<br \/>\n14195 Berlin<\/p>\n<\/div><\/div><\/div><\/div><\/div><\/a><div class=\"w-separator size_small\"><\/div><div class=\"wpb_text_column us_custom_d25ca305 has_text_color\"><div class=\"wpb_wrapper\"><h4 style=\"text-align: center;\">Britta Kluge<\/h4>\n<\/div><\/div><\/div><\/div><div class=\"wpb_column vc_column_container\"><div class=\"vc_column-inner\"><a class=\"w-flipbox animation_cardflip direction_w\" href=\"mailto:richard.lucius@hu-berlin.de\"><div class=\"w-flipbox-h easing_ease\" style=\"transition-duration:0.5s;\"><div class=\"w-flipbox-hh\"><div class=\"w-flipbox-front us_custom_4f54923c\" style=\"color:var(--color-content-link);background-image:url(https:\/\/foodberlin.de\/wp-content\/uploads\/2023\/04\/Portrait-Lucius-2023-1-681x1024.jpg);\"><div class=\"w-flipbox-front-h\"><\/div><\/div><div class=\"w-flipbox-back us_custom_4f54923c\" style=\"display:none;color:var(--color-content-link);\"><div class=\"w-flipbox-back-h\"><h4 class=\"w-flipbox-back-title\">Senior Advisor to FoodBerlin<\/h4><div class=\"w-flipbox-back-desc\"><p>Richard.Lucius@hu-berlin.de<\/p>\n<\/div><\/div><\/div><\/div><\/div><\/a><div class=\"w-separator size_small\"><\/div><div class=\"wpb_text_column us_custom_d25ca305 has_text_color\"><div class=\"wpb_wrapper\"><h4 style=\"text-align: center;\">Prof. Dr. Richard Lucius<\/h4>\n<\/div><\/div><\/div><\/div><\/div><\/div><\/div><\/div><\/div><\/section>\n","protected":false},"excerpt":{"rendered":"Please send inquiries to kontakt@foodberlin.de Speaker FoodBerlinSecretariat: Britta Kluge Prof. Dr. J\u00fcrgen Zentek SecretariatSecretariatBritta.Kluge@fu-berlin.de Tel: 030 838-52256 Fax: 030 838-55938 Institut f\u00fcr Tierern\u00e4hrung der FU Berlin K\u00f6nigin-Luise-Str. 49 14195 Berlin Britta Kluge Senior Advisor to FoodBerlinRichard.Lucius@hu-berlin.de Prof. Dr. Richard Lucius","protected":false},"author":2,"featured_media":0,"parent":0,"menu_order":0,"comment_status":"closed","ping_status":"closed","template":"","meta":{"footnotes":"","_links_to":"","_links_to_target":""},"_links":{"self":[{"href":"https:\/\/foodberlin.de\/en\/wp-json\/wp\/v2\/pages\/4994"}],"collection":[{"href":"https:\/\/foodberlin.de\/en\/wp-json\/wp\/v2\/pages"}],"about":[{"href":"https:\/\/foodberlin.de\/en\/wp-json\/wp\/v2\/types\/page"}],"author":[{"embeddable":true,"href":"https:\/\/foodberlin.de\/en\/wp-json\/wp\/v2\/users\/2"}],"replies":[{"embeddable":true,"href":"https:\/\/foodberlin.de\/en\/wp-json\/wp\/v2\/comments?post=4994"}],"version-history":[{"count":5,"href":"https:\/\/foodberlin.de\/en\/wp-json\/wp\/v2\/pages\/4994\/revisions"}],"predecessor-version":[{"id":5347,"href":"https:\/\/foodberlin.de\/en\/wp-json\/wp\/v2\/pages\/4994\/revisions\/5347"}],"wp:attachment":[{"href":"https:\/\/foodberlin.de\/en\/wp-json\/wp\/v2\/media?parent=4994"}],"curies":[{"name":"wp","href":"https:\/\/api.w.org\/{rel}","templated":true}]}}